{"id":600,"date":"2016-08-07T14:37:33","date_gmt":"2016-08-07T14:37:33","guid":{"rendered":"http:\/\/colinbouvry.com\/?page_id=600"},"modified":"2016-09-08T01:22:02","modified_gmt":"2016-09-08T01:22:02","slug":"formations","status":"publish","type":"page","link":"https:\/\/colinbouvry.com\/?page_id=600","title":{"rendered":"Formations"},"content":{"rendered":"<p class=\"NomPage\">STAGES<\/p>\n<ul>\n<li class=\"SousTitreNoir\">2007 : Concepteur et r\u00e9alisateur en design num\u00e9rique sensoriel<\/li>\n<\/ul>\n<blockquote><p><a href=\"http:\/\/www.numeriscausa.com\/\" target=\"_blank\"><img loading=\"lazy\" decoding=\"async\" src=\"http:\/\/colinbouvry.com\/wp-content\/uploads\/2016\/08\/numeriscausa.jpg\" width=\"150\" height=\"163\" longdesc=\"http:\/\/www.numeriscausa.com\/\" \/><\/a><\/p>\n<p class=\"TexteNoir\">Le stage s&rsquo;est articul\u00e9 autour d&rsquo;un ensemble de projets d\u00e9crient dans le rapport. Tout d&rsquo;abord, j&rsquo;ai commenc\u00e9 par le projet N\u00e9bulosa o\u00f9 j&rsquo;ai d\u00e9velopp\u00e9 en C++ le programme avec <a href=\"http:\/\/www.music2eye.com\/\" target=\"_blank\">Music2Eye<\/a> et j&rsquo;ai install\u00e9 le syst\u00e8me \u00e0 Milan. J&rsquo;ai ensuite con\u00e7u un diaporama<br \/>\nque j&rsquo;ai install\u00e9 \u00e0 l&rsquo;exposition \u00ab d\u00e9tours d&rsquo;objet \u00bb au centre Pompidou. Par ailleurs, David<br \/>\nRemondeau m&rsquo;a confi\u00e9 le d\u00e9veloppement de son projet \u00ab Twisted Squaring \u00bb, une installation immersive compos\u00e9e de trois \u00e9crans interagissant avec les silhouettes des personnages en sc\u00e8ne.<br \/>\nDe part, j&rsquo;ai collaborer sur une oeuvre du c\u00e9l\u00e8bre dessinateur Moebius con\u00e7u par l&rsquo;association Music2Eye. Pour finir, j&rsquo;ai travaill\u00e9 sur une simulation en image de synth\u00e8se avec du feux et des personnages en mouvement pour un designer et une<br \/>\nsimulation d&rsquo;\u00e9clairage de fa\u00e7ade pour un b\u00e2timent de la banque populaire.<br \/>\nD&rsquo;autres travaux ont \u00e9t\u00e9 r\u00e9alis\u00e9, notamment dans l&rsquo;\u00e9tude de syst\u00e8me afin de d\u00e9terminer un<br \/>\ndevis coh\u00e9rent et dans le test de technologie.<\/p>\n<p class=\"TexteNoir\">Entreprise <a href=\"http:\/\/www.numeriscausa.com\/\" target=\"_blank\">Numeriscausa<\/a> pendant 5 mois.<\/p>\n<p class=\"TexteNoir\">Pour voir le rapport, <a href=\"http:\/\/colinbouvry.com\/old\/PDF\/StageNumeriscausa.pdf\">cliquez ici<\/a>.<\/p>\n<p>&nbsp;<\/p><\/blockquote>\n<ul>\n<li class=\"SousTitreNoir\">2005 : D\u00e9veloppeur d&rsquo;un syst\u00e8me de vision par ordinateur<\/li>\n<\/ul>\n<blockquote class=\"TexteNoir\"><p><a href=\"http:\/\/www.3c-concept.fr\/\" target=\"_blank\"><img loading=\"lazy\" decoding=\"async\" class=\"TexteNoir\" src=\"http:\/\/colinbouvry.com\/wp-content\/uploads\/2016\/08\/logo_3cConcept.gif\" width=\"103\" height=\"115\" border=\"0\" \/><\/a><\/p>\n<p>Conception d&rsquo;un syst\u00e8me de reconnaissance de symboles grav\u00e9s sur les verre par cam\u00e9ra. Programmation d&rsquo;une biblioth\u00e8que de traitement d&rsquo;image dans le but de reconna\u00eetre les symboles.<\/p>\n<p>Mon objectif est de d\u00e9velopper et fournir un premier software en Delphi sur un syst\u00e8me de<br \/>\nvision TECO (marque) permettant de v\u00e9rifier ces gravures.<\/p>\n<p>Entreprise <a href=\"http:\/\/www.3c-concept.fr\/\" target=\"_blank\">3C Concept<\/a> pendant 3 mois.<\/p>\n<p>Pour voir le rapport, <a href=\"http:\/\/colinbouvry.com\/old\/PDF\/Stage3C%20Concept.pdf\">cliquez ici<\/a>.<\/p><\/blockquote>\n<ul>\n<li class=\"SousTitreNoir\">2003 : <strong>Electronicien informaticien<\/strong> stagiaire :<\/li>\n<\/ul>\n<blockquote class=\"TexteNoir\"><p><a href=\"http:\/\/www.elinap.com\/\" target=\"_blank\"><img decoding=\"async\" src=\"http:\/\/colinbouvry.com\/wp-content\/uploads\/2016\/08\/LogoElinap.gif\" border=\"0\" \/><\/a><br \/>\nRemplacement d&rsquo;un microcontr\u00f4lleur de marque DALLAS pour un syst\u00e8me de comptage de passager dans les transports en commun.<br \/>\nProgrammation 8051 en langage PLM : adaptation et r\u00e9alisation de programmes (bus I2C&#8230;).<br \/>\nR\u00e9alisation de cartes \u00e9lectroniques avec plusieurs types de m\u00e9moire et un timer\/calendrier.<\/p>\n<p>Entreprise <a href=\"http:\/\/www.elinap.com\/\" target=\"_blank\"><strong>ELINAP<\/strong><\/a> pendant 10 semaines.<\/p>\n<p>Pour voir le rapport, <a href=\"http:\/\/colinbouvry.com\/old\/PDF\/StageElinap.pdf\">cliquez ici<\/a>.<\/p><\/blockquote>\n<blockquote class=\"TexteNoir\"><p>&nbsp;<\/p><\/blockquote>\n<p>&nbsp;<\/p>\n<p class=\"NomPage\">FORMATIONS<\/p>\n<ul>\n<li>\n<h1 class=\"SousTitreNoir\"><a href=\"http:\/\/formations.univ-valenciennes.fr\/cdm\/ws?_cmd=getFormation&amp;_redirect=program&amp;_oid=FR_RNE_0593279U_PR_S5AUD262&amp;_oidProgramAnnexe=&amp;_lang=fr-FR&amp;_onglet=description\" target=\"_blank\">Master Audiovisuel et Multim\u00e9dia (Professionnel)<\/a> : Parcours Ing\u00e9nierie des syst\u00e8mes images et sons &#8211; ISIS<\/h1>\n<p><img loading=\"lazy\" decoding=\"async\" src=\"http:\/\/colinbouvry.com\/wp-content\/uploads\/2016\/08\/uvhc.jpg\" width=\"134\" height=\"74\" \/> <img loading=\"lazy\" decoding=\"async\" src=\"http:\/\/colinbouvry.com\/wp-content\/uploads\/2016\/08\/dream.jpg\" width=\"134\" height=\"52\" \/><\/li>\n<\/ul>\n<p class=\"TexteNoir\">En qualifiant le master ISIS (anciennement TVNI : T\u00e9l\u00e9vision Num\u00e9rique Interactive) de \u00ab best of \u00bb de la profession, la presse nationale (voir Le Nouvel Observateur n\u00b02158 de mars 2006) souligne le caract\u00e8re original et la pertinence de cette formation vis \u00e0 vis des attentes du secteur.<\/p>\n<p class=\"TexteNoir\">L\u2019\u00e9volution de la t\u00e9l\u00e9vision vers le tout num\u00e9rique (offre TV sur ligne t\u00e9l\u00e9phonique haut d\u00e9bit, d\u00e9ploiement de la t\u00e9l\u00e9vision num\u00e9rique terrestre\u2026) ainsi que l\u2019apparition de nouveaux services associ\u00e9s (guide des programmes en ligne, choix d\u2019ambiances sonores, publicit\u00e9 interactive, jeux, etc.) cr\u00e9ent de nouveaux m\u00e9tiers \u00e0 la convergence de l\u2019audiovisuel, des t\u00e9l\u00e9communications et de l\u2019informatique.<\/p>\n<p class=\"TexteNoir\">Les secteurs d\u2019activit\u00e9 concern\u00e9s sont par exemple les diffuseurs (cha\u00eenes de t\u00e9l\u00e9vision, op\u00e9rateurs de t\u00e9l\u00e9communication, fournisseurs d\u2019acc\u00e8s\u2026) pour le d\u00e9veloppement de nouvelles applications (images et sons) et l\u2019administration des \u00e9quipements de production et\/ou de diffusion, l\u2019industrie \u00e9lectronique pour la r\u00e9alisation d\u2019\u00e9quipements broadcast et des r\u00e9cepteurs num\u00e9riques ou encore les soci\u00e9t\u00e9s de service pour le d\u00e9veloppement d\u2019applications int\u00e9grant du son et\/ou de l\u2019image.<\/p>\n<p class=\"TexteNoir\">Le parcours Ing\u00e9nierie des syst\u00e8mes Images et Sons (ISIS), du Master Sciences et Technologies mention Audiovisuel et Multim\u00e9dia, forme durant deux ann\u00e9es des sp\u00e9cialistes de l\u2019ing\u00e9nierie des applications et des syst\u00e8mes audio et vid\u00e9o, de t\u00e9l\u00e9vision num\u00e9rique interactive et autres m\u00e9dia interactifs, et, plus g\u00e9n\u00e9ralement, tout syst\u00e8me ou application de traitement et\/ou de transmission des images et des sons.<\/p>\n<p class=\"TexteNoir\">Projets :<br \/>\n<span class=\"TexteNoir\"><br \/>\n<\/span><\/p>\n<ul>\n<li class=\"TexteNoir\">Suivi de mouvements : Application \u00e0 la sc\u00e9nographie interactive : Pour voir le rapport <a href=\"http:\/\/colinbouvry.com\/old\/PDF\/ProjetMaster1ISIS.pdf\">Ici<\/a><\/li>\n<li class=\"TexteNoir\">Mise en place d\u2019un reseau local de diffusion multimedia sur courants porteurs : Pour voir le rapport <a href=\"http:\/\/colinbouvry.com\/old\/PDF\/ProjetMaster2ISIS.pdf\">Ici<\/a><\/li>\n<\/ul>\n<p class=\"TexteNoir\">Liste des principaux enseignements<\/p>\n<p class=\"TexteNoir\">Semestre 7 :<\/p>\n<ul>\n<li class=\"TexteNoir\">Technologies AV<\/li>\n<li class=\"TexteNoir\">Traitement num\u00e9rique du signal AV<\/li>\n<li class=\"TexteNoir\">R\u00e9seaux et syst\u00e8mes d\u2019exploitation<\/li>\n<li class=\"TexteNoir\">Image de synth\u00e8se 1<\/li>\n<li class=\"TexteNoir\">Anglais<\/li>\n<li class=\"TexteNoir\">Atteintes au droit<\/li>\n<li class=\"TexteNoir\">Post production<\/li>\n<li class=\"TexteNoir\">Techniques sonores<\/li>\n<li class=\"TexteNoir\">Techniques de captation I<\/li>\n<li class=\"TexteNoir\">Electroacoustique<\/li>\n<li class=\"TexteNoir\">Algo 3D<\/li>\n<li class=\"TexteNoir\">Compresssion des signaux AV 1<\/li>\n<\/ul>\n<p class=\"TexteNoir\">Semestre 8 :<\/p>\n<ul>\n<li class=\"TexteNoir\">Anglais<\/li>\n<li class=\"TexteNoir\">Audio-num\u00e9rique<\/li>\n<li class=\"TexteNoir\">Syst\u00e8mes de Restitution<\/li>\n<li class=\"TexteNoir\">Traitement des Images<\/li>\n<li class=\"TexteNoir\">Techniques de captation 2<\/li>\n<li class=\"TexteNoir\">Restitution St\u00e9r\u00e9oscopique<\/li>\n<li class=\"TexteNoir\">Projet d\u2019ing\u00e9nierie<\/li>\n<li class=\"TexteNoir\">Langages \u00e0 Objets<\/li>\n<li class=\"TexteNoir\">Compression des signaux AV 2<\/li>\n<li class=\"TexteNoir\">Vid\u00e9otransmissions Num\u00e9riques<\/li>\n<li class=\"TexteNoir\">Mesures Audio et Vid\u00e9o<\/li>\n<li class=\"TexteNoir\">Son Num\u00e9rique<\/li>\n<li class=\"TexteNoir\">Architecture des syst\u00e8mes AV num\u00e9riques<\/li>\n<\/ul>\n<p class=\"TexteNoir\">Options :<\/p>\n<ul>\n<li class=\"TexteNoir\">Images de synth\u00e8se II\u00a0 ou Post-Production Image I ou\u00a0Post-Production Son I<\/li>\n<\/ul>\n<p class=\"TexteNoir\">Semestre 9 :<\/p>\n<ul>\n<li class=\"TexteNoir\">Droit du travail (bases)<\/li>\n<li class=\"TexteNoir\">Managementt et Gestion de projet<\/li>\n<li class=\"TexteNoir\">GRH<\/li>\n<li class=\"TexteNoir\">Anglais<\/li>\n<li class=\"TexteNoir\">Approche Qualit\u00e9<\/li>\n<li class=\"TexteNoir\">Choix des investissements<\/li>\n<li class=\"TexteNoir\">Nouveaux Standards de compression<\/li>\n<li class=\"TexteNoir\">Services R\u00e9seaux avanc\u00e9s<\/li>\n<li class=\"TexteNoir\">Communications Num\u00e9riques Avanc\u00e9es<\/li>\n<li class=\"TexteNoir\">Traitement et compression des Sons<\/li>\n<li class=\"TexteNoir\">Programmation des sys. Graphiques interactifs<\/li>\n<li class=\"TexteNoir\">Conception &amp; \u00e9valuation des syst\u00e8mes interactifs<\/li>\n<li class=\"TexteNoir\">Architecture &amp; Programmation des DSP<\/li>\n<li class=\"TexteNoir\">Architecture &amp; Langage TVNI<\/li>\n<li class=\"TexteNoir\">Streaming AV<\/li>\n<\/ul>\n<p class=\"TexteNoir\">Contr\u00f4le des connaissances<\/p>\n<ul>\n<li class=\"SousTitreNoir\"><strong>IUP GEII \u00e9lectronique et image <\/strong>(licence et ma\u00eetrise)<\/li>\n<\/ul>\n<blockquote class=\"TexteNoir\"><p><img loading=\"lazy\" decoding=\"async\" src=\"http:\/\/colinbouvry.com\/wp-content\/uploads\/2016\/08\/UnivBourg.gif\" width=\"130\" height=\"65\" \/><\/p>\n<p>&nbsp;<\/p>\n<p><span style=\"font-family: arial;\">L&rsquo;IUP G\u00e9nie Industriel de Bourgogne forme en 3 ann\u00e9es (de Bac + 1 \u00e0 Bac + 4), en partenariat avec la Profession, des sp\u00e9cialistes capables de s&rsquo;int\u00e9grer \u00e0 des niveaux de responsabilit\u00e9 dans un secteur essentiel de l&rsquo;activit\u00e9 \u00e9conomique : l&rsquo;\u00e9lectronique, l&rsquo;informatique et l&rsquo;image<br \/>\nL&rsquo;ensemble du cursus m\u00e8ne successivement aux dipl\u00f4mes du DEUG, de la Licence et de la Ma\u00eetrise.<br \/>\nUn Jury paritaire Universit\u00e9-Profession d\u00e9livre le <strong>titre d&rsquo;Ing\u00e9nieur-Ma\u00eetre<\/strong> au vu de l&rsquo;ensemble du cursus, notamment des aptitudes d\u00e9montr\u00e9es au cours des stages en entreprises.<\/span><\/p>\n<p>&nbsp;<\/p><\/blockquote>\n<ul>\n<li class=\"TexteNoir\">Projets :\n<ul>\n<li>Traitement d&rsquo;images par FPGA avec environnement cam\u00e9ra et \u00e9cran LCD : Pour voir le rapport <a href=\"http:\/\/colinbouvry.com\/old\/PDF\/ProjetLicenceIupFpga.pdf\">Ici<\/a><\/li>\n<li>Mesure et \u00e9tude de la couleur d&rsquo;objets avec un \u00e9clairage de diff\u00e9rentes couleurs : Pour voir le rapport <a href=\"http:\/\/colinbouvry.com\/old\/PDF\/ProjetMa%EF%BF%BDtrise.pdf\">Ici<\/a><\/li>\n<\/ul>\n<\/li>\n<li class=\"TexteNoir\">Informatique : C++, visual C++, assembleur ARM et DSP. Conception de logiciels de traitement du son et de traitement de l&rsquo;image.<\/li>\n<\/ul>\n<ul>\n<li class=\"TexteNoir\">Techniques math\u00e9matiques<\/li>\n<\/ul>\n<ul>\n<li class=\"TexteNoir\">Electronique analogique et num\u00e9rique<\/li>\n<\/ul>\n<ul>\n<li class=\"TexteNoir\">Propagation, ondes et lignes<\/li>\n<\/ul>\n<ul>\n<li class=\"TexteNoir\">Automatiques et asservissements<\/li>\n<\/ul>\n<ul>\n<li class=\"TexteNoir\">Electrotechnique et \u00e9lectronique de puissance<\/li>\n<\/ul>\n<ul>\n<li class=\"TexteNoir\">CAO : conception et simulation de circuits \u00e9lectroniques sur mentor graphic<\/li>\n<li class=\"TexteNoir\">VHDL : programmation sur FPGA pour le traitement en temps r\u00e9el<\/li>\n<\/ul>\n<ul>\n<li class=\"TexteNoir\">Traitement du signal : \u00e9laboration de signaux, interpr\u00e9tation de signaux, d\u00e9tection, filtrage, identification, analyse, mesure de certaines grandeurs<\/li>\n<li class=\"TexteNoir\">Traitement de l&rsquo;image : acquisition, num\u00e9risation,filtrage, r\u00e9haussement du contraste, restauration,segmentation, codage, compression, morphologie math\u00e9matique, calculs g\u00e9om\u00e9triques&#8230;<\/li>\n<\/ul>\n<ul>\n<li class=\"TexteNoir\">CMOS : \u00e9tude, simulation et optimisation de sch\u00e9ma avec la technologie CMOS sur Mentor Graphic<\/li>\n<li class=\"TexteNoir\">Micro\u00e9lectronique<\/li>\n<\/ul>\n<ul>\n<li><span class=\"TexteNoir\"><span class=\"TexteNoir\">Transmission de l&rsquo;information :<\/span><\/span><\/li>\n<\/ul>\n<ul>\n<li class=\"TexteNoir\">num\u00e9rique (bande de base, codage de source, modulations)<\/li>\n<li class=\"TexteNoir\">analogique (modulation d&rsquo;amplitude : BLU, DBL, h\u00e9t\u00e9rodyne ; modulation de fr\u00e9quence : PLL)<\/li>\n<li class=\"TexteNoir\">transmission vid\u00e9os (PAL, SECAM, NTSC, t\u00e9l\u00e9vision par satellite)<\/li>\n<\/ul>\n<ul>\n<li class=\"TexteNoir\">Innovation<\/li>\n<li class=\"TexteNoir\">Qualit\u00e9<\/li>\n<li class=\"TexteNoir\">Economie<\/li>\n<li class=\"TexteNoir\">Comptabilit\u00e9<\/li>\n<li class=\"TexteNoir\">Droit<\/li>\n<li class=\"TexteNoir\">Communication<\/li>\n<\/ul>\n<blockquote>\n<p class=\"TexteNoir\"><a href=\"http:\/\/colinbouvry.com\/old\/PDF\/iupgei3.pdf\">Programme de ma\u00eetrise<\/a><\/p>\n<p class=\"TexteNoir\"><a href=\"http:\/\/colinbouvry.com\/old\/PDF\/iupii2.pdf\">Programme de licence<\/a><\/p>\n<p class=\"TexteNoir\">\n<\/blockquote>\n<ul>\n<li class=\"SousTitreNoir\"><strong>IUT GEII <\/strong>option \u00e9lectronique<\/li>\n<\/ul>\n<blockquote><p><img loading=\"lazy\" decoding=\"async\" src=\"http:\/\/colinbouvry.com\/wp-content\/uploads\/2016\/08\/sigle_iut.gif\" width=\"130\" height=\"86\" \/><\/p>\n<p>&nbsp;<\/p>\n<p><span class=\"TexteNoir\">La particularit\u00e9 d&rsquo;un d\u00e9partement G.E.I.I. est de former des \u00e9tudiants \u00e0 large spectre de comp\u00e9tences dans les divers domaines de l&rsquo;Electronique, Electrotechnique, Automatique et Informatique Industrielle. Tr\u00e8s adapt\u00e9 au monde industriel, le profil de l&rsquo;\u00e9tudiant permet d&rsquo;appr\u00e9hender toute une \u00ab\u00a0cha\u00eene\u00a0\u00bb d&rsquo;un proc\u00e9d\u00e9 : du capteur, prise de d\u00e9cision, aux actionneurs. Toutes les comp\u00e9tences cit\u00e9es sont d&rsquo;un niveau bac +2. L&rsquo;atout majeur de cette formation : une adaptation rapide des \u00e9tudiants aux probl\u00e8mes pos\u00e9s gr\u00e2ce au spectre tr\u00e8s large de leurs comp\u00e9tences.<\/span><\/p><\/blockquote>\n<ul>\n<li class=\"TexteNoir\">Projets :\n<ul>\n<li>D\u00e9veloppement de programmes (suivi de piste&#8230;) sur 68HC11 pour un robot : Pour voir le rapport <a href=\"http:\/\/colinbouvry.com\/old\/PDF\/ProjetGeiiRobot.pdf\">Ici<\/a><\/li>\n<li>Etude du DMX 512 : protocole de communication pour le pilotage d&rsquo;un syst\u00e8me d&rsquo;\u00e9clairage complexe : Pour voir le rapport <a href=\"http:\/\/colinbouvry.com\/old\/PDF\/ProjetIutDmx.pdf\">Ici<\/a><\/li>\n<\/ul>\n<\/li>\n<\/ul>\n<ul>\n<li class=\"TexteNoir\">Pr\u00e9vention du risque \u00e9lectrique (sensibilisation aux risques \u00e9lectriques et pr\u00e9paration \u00e0 la notion d&rsquo;habilitation)<\/li>\n<\/ul>\n<ul>\n<li class=\"TexteNoir\">Conception et dimensionnement d&rsquo;installations \u00e9lectriques<\/li>\n<\/ul>\n<ul>\n<li class=\"TexteNoir\">Conception et r\u00e9alisation de circuits imprim\u00e9s<\/li>\n<\/ul>\n<ul>\n<li class=\"TexteNoir\">Mise en oeuvre des composants \u00e9lectroniques mont\u00e9s en surface (C.M.S.)<\/li>\n<\/ul>\n<ul>\n<li class=\"TexteNoir\">R\u00e9alisation de bases de circuits \u00e9lectroniques : alimentation stabilis\u00e9e ; alimentation \u00e0 d\u00e9coupage ; amplificateur ; filtres ; oscillateurs.<\/li>\n<\/ul>\n<ul>\n<li class=\"TexteNoir\">Traitement du signal : modulation d&rsquo;amplitude, de fr\u00e9quence et de phase, PLL.<\/li>\n<\/ul>\n<ul>\n<li class=\"TexteNoir\">Acquisition de donn\u00e9es et traitement num\u00e9rique du signal (filtrage)<\/li>\n<\/ul>\n<ul>\n<li class=\"TexteNoir\">Transmission du signal ; syst\u00e8mes de mesure opto\u00e9lectronique, transmission de donn\u00e9es par HF et IR.<\/li>\n<\/ul>\n<ul>\n<li class=\"TexteNoir\">Syst\u00e8mes asservis et r\u00e9gulateurs<\/li>\n<\/ul>\n<ul>\n<li class=\"TexteNoir\">Variation de vitesse das machines \u00e0 courant continu et des machines \u00e0 courant alternatif<\/li>\n<li class=\"TexteNoir\">Convertisseurs statiques ; Electronique de Puissance<\/li>\n<\/ul>\n<ul>\n<li class=\"TexteNoir\">Programmation sur automates en grafcet et langage \u00e0 contact.<\/li>\n<li class=\"TexteNoir\">Communication entre automates et r\u00e9seaux industriels.<\/li>\n<\/ul>\n<ul>\n<li class=\"TexteNoir\">Compteur, utilisation des registres<\/li>\n<li class=\"TexteNoir\">Transcodage, multiplexage.<\/li>\n<\/ul>\n<ul>\n<li class=\"TexteNoir\">Structure des m\u00e9moires, r\u00e9seaux logiques programmables<\/li>\n<li class=\"TexteNoir\">Programmation des microprocesseurs, microcontr\u00f4leurs<\/li>\n<li class=\"TexteNoir\">Programmation en assembleur, en langage C<\/li>\n<li class=\"TexteNoir\">Interfa\u00e7age parall\u00e8le et s\u00e9rie de syst\u00e8mes informatiques<\/li>\n<\/ul>\n<ul>\n<li class=\"TexteNoir\">Capteurs, syst\u00e8me d&rsquo;acquisition de donn\u00e9es<\/li>\n<\/ul>\n<ul>\n<li class=\"TexteNoir\">Chauffage par induction, chauffage par micro-ondes<\/li>\n<\/ul>\n<ul>\n<li class=\"TexteNoir\">Notions de C.E.M., pollutions conduites.<\/li>\n<\/ul>\n<ul>\n<li class=\"TexteNoir\">Analyse d&rsquo;une image vid\u00e9o ; Syst\u00e8me NTSC, PAL, SECAM, t\u00e9l\u00e9vision par satellite.<\/li>\n<\/ul>\n","protected":false},"excerpt":{"rendered":"<p>STAGES 2007 : Concepteur et r\u00e9alisateur en design num\u00e9rique sensoriel Le stage s&rsquo;est articul\u00e9 autour d&rsquo;un ensemble de projets d\u00e9crient dans le rapport. Tout d&rsquo;abord, j&rsquo;ai commenc\u00e9 par le projet N\u00e9bulosa o\u00f9 j&rsquo;ai d\u00e9velopp\u00e9 en C++ le programme avec Music2Eye et j&rsquo;ai install\u00e9 le syst\u00e8me \u00e0 Milan. J&rsquo;ai ensuite con\u00e7u un diaporama que j&rsquo;ai install\u00e9 [&hellip;]<\/p>\n","protected":false},"author":1,"featured_media":0,"parent":0,"menu_order":0,"comment_status":"closed","ping_status":"closed","template":"","meta":{"__cvm_playback_settings":[],"__cvm_video_id":"","footnotes":""},"_links":{"self":[{"href":"https:\/\/colinbouvry.com\/index.php?rest_route=\/wp\/v2\/pages\/600"}],"collection":[{"href":"https:\/\/colinbouvry.com\/index.php?rest_route=\/wp\/v2\/pages"}],"about":[{"href":"https:\/\/colinbouvry.com\/index.php?rest_route=\/wp\/v2\/types\/page"}],"author":[{"embeddable":true,"href":"https:\/\/colinbouvry.com\/index.php?rest_route=\/wp\/v2\/users\/1"}],"replies":[{"embeddable":true,"href":"https:\/\/colinbouvry.com\/index.php?rest_route=%2Fwp%2Fv2%2Fcomments&post=600"}],"version-history":[{"count":1,"href":"https:\/\/colinbouvry.com\/index.php?rest_route=\/wp\/v2\/pages\/600\/revisions"}],"predecessor-version":[{"id":608,"href":"https:\/\/colinbouvry.com\/index.php?rest_route=\/wp\/v2\/pages\/600\/revisions\/608"}],"wp:attachment":[{"href":"https:\/\/colinbouvry.com\/index.php?rest_route=%2Fwp%2Fv2%2Fmedia&parent=600"}],"curies":[{"name":"wp","href":"https:\/\/api.w.org\/{rel}","templated":true}]}}